{"id":1362,"date":"2020-12-19T19:36:32","date_gmt":"2020-12-19T18:36:32","guid":{"rendered":"http:\/\/tonundkirschen.de\/?page_id=1362"},"modified":"2022-12-14T15:38:25","modified_gmt":"2022-12-14T14:38:25","slug":"bartleby-der-schreiber","status":"publish","type":"page","link":"https:\/\/tonundkirschen.de\/fr\/bartleby-der-schreiber\/","title":{"rendered":"BARTLEBY LE SCRIBE"},"content":{"rendered":"<div data-elementor-type=\"wp-page\" data-elementor-id=\"1362\" class=\"elementor elementor-1362\">\n\t\t\t\t\t\t<section class=\"elementor-section elementor-top-section elementor-element elementor-element-ab38e3f elementor-section-boxed elementor-section-height-default elementor-section-height-default\" data-id=\"ab38e3f\" data-element_type=\"section\" data-e-type=\"section\">\n\t\t\t\t\t\t<div class=\"elementor-container elementor-column-gap-default\">\n\t\t\t\t\t<div class=\"aux-parallax-section elementor-column elementor-col-100 elementor-top-column elementor-element elementor-element-58eff69\" data-id=\"58eff69\" data-element_type=\"column\" data-e-type=\"column\">\n\t\t\t<div class=\"elementor-widget-wrap elementor-element-populated\">\n\t\t\t\t\t\t<div class=\"elementor-element elementor-element-022586b elementor-widget elementor-widget-spacer\" data-id=\"022586b\" data-element_type=\"widget\" data-e-type=\"widget\" data-widget_type=\"spacer.default\">\n\t\t\t\t<div class=\"elementor-widget-container\">\n\t\t\t\t\t\t\t<div class=\"elementor-spacer\">\n\t\t\t<div class=\"elementor-spacer-inner\"><\/div>\n\t\t<\/div>\n\t\t\t\t\t\t<\/div>\n\t\t\t\t<\/div>\n\t\t\t\t<div class=\"elementor-element elementor-element-fdabfb5 elementor-widget elementor-widget-text-editor\" data-id=\"fdabfb5\" data-element_type=\"widget\" data-e-type=\"widget\" data-widget_type=\"text-editor.default\">\n\t\t\t\t<div class=\"elementor-widget-container\">\n\t\t\t\t\t\t\t\t\t<h5>BARTLEBY LE SCRIBE<\/h5><h5>de Herman Melville<\/h5><p>\u00a0<\/p>\t\t\t\t\t\t\t\t<\/div>\n\t\t\t\t<\/div>\n\t\t\t\t<div class=\"elementor-element elementor-element-a69a1e2 elementor-widget__width-inherit elementor-arrows-position-inside elementor-pagination-position-outside elementor-widget elementor-widget-image-carousel\" data-id=\"a69a1e2\" data-element_type=\"widget\" data-e-type=\"widget\" data-settings=\"{&quot;slides_to_show&quot;:&quot;1&quot;,&quot;navigation&quot;:&quot;both&quot;,&quot;autoplay&quot;:&quot;yes&quot;,&quot;pause_on_hover&quot;:&quot;yes&quot;,&quot;pause_on_interaction&quot;:&quot;yes&quot;,&quot;autoplay_speed&quot;:5000,&quot;infinite&quot;:&quot;yes&quot;,&quot;effect&quot;:&quot;slide&quot;,&quot;speed&quot;:500}\" data-widget_type=\"image-carousel.default\">\n\t\t\t\t<div class=\"elementor-widget-container\">\n\t\t\t\t\t\t\t<div class=\"elementor-image-carousel-wrapper swiper\" role=\"region\" aria-roledescription=\"carousel\" aria-label=\"Bild Karussell\" dir=\"ltr\">\n\t\t\t<div class=\"elementor-image-carousel swiper-wrapper swiper-image-stretch\" aria-live=\"off\">\n\t\t\t\t\t\t\t\t<div class=\"swiper-slide\" role=\"group\" aria-roledescription=\"slide\" aria-label=\"1 von 5\"><figure class=\"swiper-slide-inner\"><img decoding=\"async\" class=\"swiper-slide-image\" src=\"https:\/\/tonundkirschen.de\/wp-content\/uploads\/2022\/08\/Bartleby-01low-1.jpg\" alt=\"Bartleby-01low\" \/><\/figure><\/div><div class=\"swiper-slide\" role=\"group\" aria-roledescription=\"slide\" aria-label=\"2 von 5\"><figure class=\"swiper-slide-inner\"><img decoding=\"async\" class=\"swiper-slide-image\" src=\"https:\/\/tonundkirschen.de\/wp-content\/uploads\/2022\/08\/Bartleby-02low-1.jpg\" alt=\"Bartleby-02low\" \/><\/figure><\/div><div class=\"swiper-slide\" role=\"group\" aria-roledescription=\"slide\" aria-label=\"3 von 5\"><figure class=\"swiper-slide-inner\"><img decoding=\"async\" class=\"swiper-slide-image\" src=\"https:\/\/tonundkirschen.de\/wp-content\/uploads\/2022\/08\/Bartleby-04low-1.jpg\" alt=\"Bartleby-04low\" \/><\/figure><\/div><div class=\"swiper-slide\" role=\"group\" aria-roledescription=\"slide\" aria-label=\"4 von 5\"><figure class=\"swiper-slide-inner\"><img decoding=\"async\" class=\"swiper-slide-image\" src=\"https:\/\/tonundkirschen.de\/wp-content\/uploads\/2022\/08\/Bartleby-05low-1.jpg\" alt=\"Bartleby-05low\" \/><\/figure><\/div><div class=\"swiper-slide\" role=\"group\" aria-roledescription=\"slide\" aria-label=\"5 von 5\"><figure class=\"swiper-slide-inner\"><img decoding=\"async\" class=\"swiper-slide-image\" src=\"https:\/\/tonundkirschen.de\/wp-content\/uploads\/2022\/08\/Bartleby-06low-1.jpg\" alt=\"Bartleby-06low\" \/><\/figure><\/div>\t\t\t<\/div>\n\t\t\t\t\t\t\t\t\t\t\t\t<div class=\"elementor-swiper-button elementor-swiper-button-prev\" role=\"button\" tabindex=\"0\">\n\t\t\t\t\t\t<i aria-hidden=\"true\" class=\"eicon-chevron-left\"><\/i>\t\t\t\t\t<\/div>\n\t\t\t\t\t<div class=\"elementor-swiper-button elementor-swiper-button-next\" role=\"button\" tabindex=\"0\">\n\t\t\t\t\t\t<i aria-hidden=\"true\" class=\"eicon-chevron-right\"><\/i>\t\t\t\t\t<\/div>\n\t\t\t\t\n\t\t\t\t\t\t\t\t\t<div class=\"swiper-pagination\"><\/div>\n\t\t\t\t\t\t\t\t\t<\/div>\n\t\t\t\t\t\t<\/div>\n\t\t\t\t<\/div>\n\t\t\t\t\t<\/div>\n\t\t<\/div>\n\t\t\t\t\t<\/div>\n\t\t<\/section>\n\t\t\t\t<section class=\"elementor-section elementor-top-section elementor-element elementor-element-dab8cbe elementor-section-boxed elementor-section-height-default elementor-section-height-default\" data-id=\"dab8cbe\" data-element_type=\"section\" data-e-type=\"section\">\n\t\t\t\t\t\t<div class=\"elementor-container elementor-column-gap-default\">\n\t\t\t\t\t<div class=\"aux-parallax-section elementor-column elementor-col-100 elementor-top-column elementor-element elementor-element-62fb7aa\" data-id=\"62fb7aa\" data-element_type=\"column\" data-e-type=\"column\">\n\t\t\t<div class=\"elementor-widget-wrap elementor-element-populated\">\n\t\t\t\t\t\t<section class=\"elementor-section elementor-inner-section elementor-element elementor-element-9c3c4c4 elementor-section-boxed elementor-section-height-default elementor-section-height-default\" data-id=\"9c3c4c4\" data-element_type=\"section\" data-e-type=\"section\">\n\t\t\t\t\t\t<div class=\"elementor-container elementor-column-gap-default\">\n\t\t\t\t\t<div class=\"aux-parallax-section elementor-column elementor-col-50 elementor-inner-column elementor-element elementor-element-302ee73\" data-id=\"302ee73\" data-element_type=\"column\" data-e-type=\"column\">\n\t\t\t<div class=\"elementor-widget-wrap elementor-element-populated\">\n\t\t\t\t\t\t<div class=\"elementor-element elementor-element-066cfa3 elementor-widget elementor-widget-text-editor\" data-id=\"066cfa3\" data-element_type=\"widget\" data-e-type=\"widget\" data-widget_type=\"text-editor.default\">\n\t\t\t\t<div class=\"elementor-widget-container\">\n\t\t\t\t\t\t\t\t\t<p>BARTLEBY, LE SCRIBE d\u2019apr\u00e8s Herman Melville<\/p><div>Employ\u00e9 comme scribe au sein d\u2019une \u00e9tude notariale new-yorkaise, Bartleby est un travailleur id\u00e9al, d\u00e9vou\u00e9, honn\u00eate et calme. Mais \u00e0 force de murmurer inlassablement la m\u00eame phrase \u201eJ\u2019aimerais autant pas\u201c (\u00ab I would prefer not to \u00bb), il finit par d\u00e9concerter son sup\u00e9rieur. Bartleby n\u2019aimerait autant pas contr\u00f4ler ses copies. Il n\u2019aimerait autant pas effectuer une course pour lui. En d\u00e9finitive, il ne souhaite m\u00eame plus \u00e9crire, sans pour autant vouloir d\u00e9missionner de son poste \u00e0 l\u2019\u00e9tude. Il reste infatigable, calme et r\u00e9siste \u00e0 toute forme de r\u00e9confort, de menace ou de soutien. Son esprit frondeur \u00e0 l\u2019\u00e9gard d\u2019un emploi de bureau monotone et somme toute, \u00e0 l\u2019\u00e9gard de la vie, fait de lui une figure centrale de la litt\u00e9rature mondiale moderne.<\/div><div><i>\u00a0<\/i><\/div><p><i>\u00ab M\u00eame catatonique et anorexique, Bartleby n\u2019est pas le malade, mais le m\u00e9decin d\u2019une Am\u00e9rique malade, le Medicine-man, le nouveau Christ ou notre fr\u00e8re \u00e0 tous \u00bb <\/i>(Gilles Deleuze)<\/p>\t\t\t\t\t\t\t\t<\/div>\n\t\t\t\t<\/div>\n\t\t\t\t\t<\/div>\n\t\t<\/div>\n\t\t\t\t<div class=\"aux-parallax-section elementor-column elementor-col-50 elementor-inner-column elementor-element elementor-element-ad54007\" data-id=\"ad54007\" data-element_type=\"column\" data-e-type=\"column\">\n\t\t\t<div class=\"elementor-widget-wrap elementor-element-populated\">\n\t\t\t\t\t\t<div class=\"elementor-element elementor-element-52605fd elementor-widget elementor-widget-text-editor\" data-id=\"52605fd\" data-element_type=\"widget\" data-e-type=\"widget\" data-widget_type=\"text-editor.default\">\n\t\t\t\t<div class=\"elementor-widget-container\">\n\t\t\t\t\t\t\t\t\t<p>PREMI\u00c8RE 2016<\/p><p>UNE CR\u00c9ATION DE TON UND KIRSCHEN THEATER\u00a0Stefano Amori,\u00a0Margarete Biereye, Victor Cuevas, Regis Gergouin,\u00a0David Johnston,\u00a0Rob Wyn Jones, Nelson Leon, Daisy Watkiss.<\/p><p>MISE EN SC\u00c8NE Margarete Biereye &amp; David Johnston<\/p><p>PHOTOS de Jean-Pierre Estournet<\/p><p>TRAILER de Stephan Samuel <br \/><br \/><\/p>\t\t\t\t\t\t\t\t<\/div>\n\t\t\t\t<\/div>\n\t\t\t\t\t<\/div>\n\t\t<\/div>\n\t\t\t\t\t<\/div>\n\t\t<\/section>\n\t\t\t\t\t<\/div>\n\t\t<\/div>\n\t\t\t\t\t<\/div>\n\t\t<\/section>\n\t\t\t\t<section class=\"elementor-section elementor-top-section elementor-element elementor-element-79ecce1 elementor-section-boxed elementor-section-height-default elementor-section-height-default\" data-id=\"79ecce1\" data-element_type=\"section\" data-e-type=\"section\">\n\t\t\t\t\t\t<div class=\"elementor-container elementor-column-gap-default\">\n\t\t\t\t\t<div class=\"aux-parallax-section elementor-column elementor-col-100 elementor-top-column elementor-element elementor-element-a7c06f3\" data-id=\"a7c06f3\" data-element_type=\"column\" data-e-type=\"column\">\n\t\t\t<div class=\"elementor-widget-wrap elementor-element-populated\">\n\t\t\t\t\t\t<div class=\"elementor-element elementor-element-224e5ed elementor-widget elementor-widget-video\" data-id=\"224e5ed\" data-element_type=\"widget\" data-e-type=\"widget\" data-settings=\"{&quot;video_type&quot;:&quot;vimeo&quot;}\" data-widget_type=\"video.default\">\n\t\t\t\t<div class=\"elementor-widget-container\">\n\t\t\t\t\t\t\t<div class=\"elementor-wrapper elementor-open-inline\">\n\t\t\t<iframe class=\"elementor-video-iframe\" allowfullscreen allow=\"clipboard-write\" title=\"Video abspielen\" src=\"https:\/\/player.vimeo.com\/video\/192865041?color&amp;autopause=0&amp;loop=0&amp;muted=0&amp;title=0&amp;portrait=0&amp;byline=0#t=\"><\/iframe>\t\t<\/div>\n\t\t\t\t\t\t<\/div>\n\t\t\t\t<\/div>\n\t\t\t\t\t<\/div>\n\t\t<\/div>\n\t\t\t\t\t<\/div>\n\t\t<\/section>\n\t\t\t\t<section class=\"elementor-section elementor-top-section elementor-element elementor-element-b651cd0 elementor-section-boxed elementor-section-height-default elementor-section-height-default\" data-id=\"b651cd0\" data-element_type=\"section\" data-e-type=\"section\">\n\t\t\t\t\t\t<div class=\"elementor-container elementor-column-gap-default\">\n\t\t\t\t\t<div class=\"aux-parallax-section elementor-column elementor-col-100 elementor-top-column elementor-element elementor-element-4035543\" data-id=\"4035543\" data-element_type=\"column\" data-e-type=\"column\">\n\t\t\t<div class=\"elementor-widget-wrap elementor-element-populated\">\n\t\t\t\t\t\t<div class=\"elementor-element elementor-element-81eef21 elementor-widget elementor-widget-spacer\" data-id=\"81eef21\" data-element_type=\"widget\" data-e-type=\"widget\" data-widget_type=\"spacer.default\">\n\t\t\t\t<div class=\"elementor-widget-container\">\n\t\t\t\t\t\t\t<div class=\"elementor-spacer\">\n\t\t\t<div class=\"elementor-spacer-inner\"><\/div>\n\t\t<\/div>\n\t\t\t\t\t\t<\/div>\n\t\t\t\t<\/div>\n\t\t\t\t<div class=\"elementor-element elementor-element-164adb5 elementor-widget elementor-widget-text-editor\" data-id=\"164adb5\" data-element_type=\"widget\" data-e-type=\"widget\" data-widget_type=\"text-editor.default\">\n\t\t\t\t<div class=\"elementor-widget-container\">\n\t\t\t\t\t\t\t\t\t<h5>PRESSE<\/h5>\t\t\t\t\t\t\t\t<\/div>\n\t\t\t\t<\/div>\n\t\t\t\t\t<\/div>\n\t\t<\/div>\n\t\t\t\t\t<\/div>\n\t\t<\/section>\n\t\t\t\t<section class=\"elementor-section elementor-top-section elementor-element elementor-element-211a7fd elementor-section-boxed elementor-section-height-default elementor-section-height-default\" data-id=\"211a7fd\" data-element_type=\"section\" data-e-type=\"section\">\n\t\t\t\t\t\t<div class=\"elementor-container elementor-column-gap-default\">\n\t\t\t\t\t<div class=\"aux-parallax-section elementor-column elementor-col-33 elementor-top-column elementor-element elementor-element-9c5dc82\" data-id=\"9c5dc82\" data-element_type=\"column\" data-e-type=\"column\">\n\t\t\t<div class=\"elementor-widget-wrap elementor-element-populated\">\n\t\t\t\t\t\t<div class=\"elementor-element elementor-element-3f623a2 elementor-widget-divider--view-line elementor-widget elementor-widget-divider\" data-id=\"3f623a2\" data-element_type=\"widget\" data-e-type=\"widget\" data-widget_type=\"divider.default\">\n\t\t\t\t<div class=\"elementor-widget-container\">\n\t\t\t\t\t\t\t<div class=\"elementor-divider\">\n\t\t\t<span class=\"elementor-divider-separator\">\n\t\t\t\t\t\t<\/span>\n\t\t<\/div>\n\t\t\t\t\t\t<\/div>\n\t\t\t\t<\/div>\n\t\t\t\t<div class=\"elementor-element elementor-element-887fb39 elementor-widget elementor-widget-text-editor\" data-id=\"887fb39\" data-element_type=\"widget\" data-e-type=\"widget\" data-widget_type=\"text-editor.default\">\n\t\t\t\t<div class=\"elementor-widget-container\">\n\t\t\t\t\t\t\t\t\t<p><b>Potsdamer Neueste Nachrichten, Astrid Priebs-Tr\u00f6ger, Novembre 2016<\/b><\/p><p>(\u2026) L\u2019atmosph\u00e8re globale est impr\u00e9gn\u00e9e - outre la col\u00e8re \u2013 d\u2019une profonde tristesse\u00a0: Bartleby se retrouve seul dans son bureau nocturne. Il se tient alors devant une fen\u00eatre qui semble se d\u00e9placer \u00e0 travers la pi\u00e8ce et ne suit plus que son propre reflet. Quel narcissisme, quelle solitude\u00a0! Lors de la sc\u00e8ne finale, le notaire lance \u00e0 Bartleby, ainsi qu\u2019\u00e0 l\u2019humanit\u00e9 tout enti\u00e8re, un simple \u00ab\u00a0H\u00e9las\u2026\u00a0\u00bb. Une pi\u00e8ce touchante et d\u00e9rangeante \u00e0 la fois.<\/p>\t\t\t\t\t\t\t\t<\/div>\n\t\t\t\t<\/div>\n\t\t\t\t<section class=\"elementor-section elementor-inner-section elementor-element elementor-element-8feb48e elementor-section-boxed elementor-section-height-default elementor-section-height-default\" data-id=\"8feb48e\" data-element_type=\"section\" data-e-type=\"section\">\n\t\t\t\t\t\t<div class=\"elementor-container elementor-column-gap-default\">\n\t\t\t\t\t<div class=\"aux-parallax-section elementor-column elementor-col-50 elementor-inner-column elementor-element elementor-element-e2a984a\" data-id=\"e2a984a\" data-element_type=\"column\" data-e-type=\"column\">\n\t\t\t<div class=\"elementor-widget-wrap elementor-element-populated\">\n\t\t\t\t\t\t<div class=\"elementor-element elementor-element-7031635 elementor-widget elementor-widget-text-editor\" data-id=\"7031635\" data-element_type=\"widget\" data-e-type=\"widget\" data-widget_type=\"text-editor.default\">\n\t\t\t\t<div class=\"elementor-widget-container\">\n\t\t\t\t\t\t\t\t\t<p>Lisez-le en allemand<\/p>\t\t\t\t\t\t\t\t<\/div>\n\t\t\t\t<\/div>\n\t\t\t\t\t<\/div>\n\t\t<\/div>\n\t\t\t\t<div class=\"aux-parallax-section elementor-column elementor-col-50 elementor-inner-column elementor-element elementor-element-e28952c\" data-id=\"e28952c\" data-element_type=\"column\" data-e-type=\"column\">\n\t\t\t<div class=\"elementor-widget-wrap elementor-element-populated\">\n\t\t\t\t\t\t<div class=\"elementor-element elementor-element-e9c2523 elementor-widget elementor-widget-text-editor\" data-id=\"e9c2523\" data-element_type=\"widget\" data-e-type=\"widget\" data-widget_type=\"text-editor.default\">\n\t\t\t\t<div class=\"elementor-widget-container\">\n\t\t\t\t\t\t\t\t\t<p>Lisez-le en fran\u00e7ais<\/p>\t\t\t\t\t\t\t\t<\/div>\n\t\t\t\t<\/div>\n\t\t\t\t\t<\/div>\n\t\t<\/div>\n\t\t\t\t\t<\/div>\n\t\t<\/section>\n\t\t\t\t<section class=\"elementor-section elementor-inner-section elementor-element elementor-element-18ff4fc elementor-section-boxed elementor-section-height-default elementor-section-height-default\" data-id=\"18ff4fc\" data-element_type=\"section\" data-e-type=\"section\">\n\t\t\t\t\t\t<div class=\"elementor-container elementor-column-gap-default\">\n\t\t\t\t\t<div class=\"aux-parallax-section elementor-column elementor-col-50 elementor-inner-column elementor-element elementor-element-df52c2d\" data-id=\"df52c2d\" data-element_type=\"column\" data-e-type=\"column\">\n\t\t\t<div class=\"elementor-widget-wrap elementor-element-populated\">\n\t\t\t\t\t\t<div class=\"elementor-element elementor-element-120c7cf elementor-view-stacked elementor-shape-circle elementor-widget elementor-widget-icon\" data-id=\"120c7cf\" data-element_type=\"widget\" data-e-type=\"widget\" data-widget_type=\"icon.default\">\n\t\t\t\t<div class=\"elementor-widget-container\">\n\t\t\t\t\t\t\t<div class=\"elementor-icon-wrapper\">\n\t\t\t<a class=\"elementor-icon\" href=\"https:\/\/tonundkirschen.de\/wp-content\/uploads\/2020\/12\/PNN-Astrid-Priebs-Tro\u0308ger26.11.2016.pdf\" target=\"_blank\">\n\t\t\t<i aria-hidden=\"true\" class=\"auxicon auxicon-download\"><\/i>\t\t\t<\/a>\n\t\t<\/div>\n\t\t\t\t\t\t<\/div>\n\t\t\t\t<\/div>\n\t\t\t\t\t<\/div>\n\t\t<\/div>\n\t\t\t\t<div class=\"aux-parallax-section elementor-column elementor-col-50 elementor-inner-column elementor-element elementor-element-9d6d74e\" data-id=\"9d6d74e\" data-element_type=\"column\" data-e-type=\"column\">\n\t\t\t<div class=\"elementor-widget-wrap elementor-element-populated\">\n\t\t\t\t\t\t<div class=\"elementor-element elementor-element-079aa7c elementor-view-stacked elementor-shape-circle elementor-widget elementor-widget-icon\" data-id=\"079aa7c\" data-element_type=\"widget\" data-e-type=\"widget\" data-widget_type=\"icon.default\">\n\t\t\t\t<div class=\"elementor-widget-container\">\n\t\t\t\t\t\t\t<div class=\"elementor-icon-wrapper\">\n\t\t\t<a class=\"elementor-icon\" href=\"https:\/\/tonundkirschen.de\/wp-content\/uploads\/2021\/01\/PNN-Astrid-Priebs-Tro\u0308ger-26.11.2016-1.pdf\" target=\"_blank\">\n\t\t\t<i aria-hidden=\"true\" class=\"auxicon auxicon-download\"><\/i>\t\t\t<\/a>\n\t\t<\/div>\n\t\t\t\t\t\t<\/div>\n\t\t\t\t<\/div>\n\t\t\t\t\t<\/div>\n\t\t<\/div>\n\t\t\t\t\t<\/div>\n\t\t<\/section>\n\t\t\t\t\t<\/div>\n\t\t<\/div>\n\t\t\t\t<div class=\"aux-parallax-section elementor-column elementor-col-33 elementor-top-column elementor-element elementor-element-e58f0be\" data-id=\"e58f0be\" data-element_type=\"column\" data-e-type=\"column\">\n\t\t\t<div class=\"elementor-widget-wrap elementor-element-populated\">\n\t\t\t\t\t\t<div class=\"elementor-element elementor-element-0ee5f4a elementor-widget-divider--view-line elementor-widget elementor-widget-divider\" data-id=\"0ee5f4a\" data-element_type=\"widget\" data-e-type=\"widget\" data-widget_type=\"divider.default\">\n\t\t\t\t<div class=\"elementor-widget-container\">\n\t\t\t\t\t\t\t<div class=\"elementor-divider\">\n\t\t\t<span class=\"elementor-divider-separator\">\n\t\t\t\t\t\t<\/span>\n\t\t<\/div>\n\t\t\t\t\t\t<\/div>\n\t\t\t\t<\/div>\n\t\t\t\t<div class=\"elementor-element elementor-element-0b6bbc1 elementor-widget elementor-widget-text-editor\" data-id=\"0b6bbc1\" data-element_type=\"widget\" data-e-type=\"widget\" data-widget_type=\"text-editor.default\">\n\t\t\t\t<div class=\"elementor-widget-container\">\n\t\t\t\t\t\t\t\t\t<p><b>Kultursegler, Heidi J\u00e4ger, Novembre 2016<br \/><\/b><\/p><p>La mise en sc\u00e8ne\u00a0dynamique et l\u00e9g\u00e8re de Ton und Kirschen permet au spectateur de faire de nombreuses associations\u00a0: elle n\u2019\u00e9voque pas seulement la symphonie urbaine dissonante d\u2019Edward Hopper, mais aussi les personnages instables de Kafka et l\u2019atmosph\u00e8re apocalyptique des \u0153uvres de Samuel Beckett. Ces 80 minutes de th\u00e9\u00e2tre captivant brossent le portrait d\u2019un monde en plein effondrement : une \u00e9poque qui exige toujours plus de performance et dans laquelle le repli sur soi et la d\u00e9pression gagnent dangereusement du terrain. Ce spectacle pr\u00e9sent\u00e9 par Ton und Kirschen est tout simplement renversant.<\/p>\t\t\t\t\t\t\t\t<\/div>\n\t\t\t\t<\/div>\n\t\t\t\t<section class=\"elementor-section elementor-inner-section elementor-element elementor-element-84028f4 elementor-section-boxed elementor-section-height-default elementor-section-height-default\" data-id=\"84028f4\" data-element_type=\"section\" data-e-type=\"section\">\n\t\t\t\t\t\t<div class=\"elementor-container elementor-column-gap-default\">\n\t\t\t\t\t<div class=\"aux-parallax-section elementor-column elementor-col-50 elementor-inner-column elementor-element elementor-element-3717197\" data-id=\"3717197\" data-element_type=\"column\" data-e-type=\"column\">\n\t\t\t<div class=\"elementor-widget-wrap elementor-element-populated\">\n\t\t\t\t\t\t<div class=\"elementor-element elementor-element-9043410 elementor-widget elementor-widget-text-editor\" data-id=\"9043410\" data-element_type=\"widget\" data-e-type=\"widget\" data-widget_type=\"text-editor.default\">\n\t\t\t\t<div class=\"elementor-widget-container\">\n\t\t\t\t\t\t\t\t\t<p>Lisez-le en allemand<\/p>\t\t\t\t\t\t\t\t<\/div>\n\t\t\t\t<\/div>\n\t\t\t\t\t<\/div>\n\t\t<\/div>\n\t\t\t\t<div class=\"aux-parallax-section elementor-column elementor-col-50 elementor-inner-column elementor-element elementor-element-7e772e5\" data-id=\"7e772e5\" data-element_type=\"column\" data-e-type=\"column\">\n\t\t\t<div class=\"elementor-widget-wrap elementor-element-populated\">\n\t\t\t\t\t\t<div class=\"elementor-element elementor-element-6c3e75f elementor-widget elementor-widget-text-editor\" data-id=\"6c3e75f\" data-element_type=\"widget\" data-e-type=\"widget\" data-widget_type=\"text-editor.default\">\n\t\t\t\t<div class=\"elementor-widget-container\">\n\t\t\t\t\t\t\t\t\t<p>Lisez-le en fran\u00e7ais<\/p>\t\t\t\t\t\t\t\t<\/div>\n\t\t\t\t<\/div>\n\t\t\t\t\t<\/div>\n\t\t<\/div>\n\t\t\t\t\t<\/div>\n\t\t<\/section>\n\t\t\t\t<section class=\"elementor-section elementor-inner-section elementor-element elementor-element-2d51dfe elementor-section-boxed elementor-section-height-default elementor-section-height-default\" data-id=\"2d51dfe\" data-element_type=\"section\" data-e-type=\"section\">\n\t\t\t\t\t\t<div class=\"elementor-container elementor-column-gap-default\">\n\t\t\t\t\t<div class=\"aux-parallax-section elementor-column elementor-col-50 elementor-inner-column elementor-element elementor-element-d0bee76\" data-id=\"d0bee76\" data-element_type=\"column\" data-e-type=\"column\">\n\t\t\t<div class=\"elementor-widget-wrap elementor-element-populated\">\n\t\t\t\t\t\t<div class=\"elementor-element elementor-element-f22143b elementor-view-stacked elementor-shape-circle elementor-widget elementor-widget-icon\" data-id=\"f22143b\" data-element_type=\"widget\" data-e-type=\"widget\" data-widget_type=\"icon.default\">\n\t\t\t\t<div class=\"elementor-widget-container\">\n\t\t\t\t\t\t\t<div class=\"elementor-icon-wrapper\">\n\t\t\t<a class=\"elementor-icon\" href=\"https:\/\/tonundkirschen.de\/wp-content\/uploads\/2020\/12\/Kultursegler-Heidi-Ja\u0308ger-25.11.2016.pdf\" target=\"_blank\">\n\t\t\t<i aria-hidden=\"true\" class=\"auxicon auxicon-download\"><\/i>\t\t\t<\/a>\n\t\t<\/div>\n\t\t\t\t\t\t<\/div>\n\t\t\t\t<\/div>\n\t\t\t\t\t<\/div>\n\t\t<\/div>\n\t\t\t\t<div class=\"aux-parallax-section elementor-column elementor-col-50 elementor-inner-column elementor-element elementor-element-7ae6a82\" data-id=\"7ae6a82\" data-element_type=\"column\" data-e-type=\"column\">\n\t\t\t<div class=\"elementor-widget-wrap elementor-element-populated\">\n\t\t\t\t\t\t<div class=\"elementor-element elementor-element-56aa8aa elementor-view-stacked elementor-shape-circle elementor-widget elementor-widget-icon\" data-id=\"56aa8aa\" data-element_type=\"widget\" data-e-type=\"widget\" data-widget_type=\"icon.default\">\n\t\t\t\t<div class=\"elementor-widget-container\">\n\t\t\t\t\t\t\t<div class=\"elementor-icon-wrapper\">\n\t\t\t<a class=\"elementor-icon\" href=\"https:\/\/tonundkirschen.de\/wp-content\/uploads\/2021\/01\/Kultursegler-Heidi-Ja\u0308ger-25.11.2016-1.pdf\" target=\"_blank\">\n\t\t\t<i aria-hidden=\"true\" class=\"auxicon auxicon-download\"><\/i>\t\t\t<\/a>\n\t\t<\/div>\n\t\t\t\t\t\t<\/div>\n\t\t\t\t<\/div>\n\t\t\t\t\t<\/div>\n\t\t<\/div>\n\t\t\t\t\t<\/div>\n\t\t<\/section>\n\t\t\t\t\t<\/div>\n\t\t<\/div>\n\t\t\t\t<div class=\"aux-parallax-section elementor-column elementor-col-33 elementor-top-column elementor-element elementor-element-f135704\" data-id=\"f135704\" data-element_type=\"column\" data-e-type=\"column\">\n\t\t\t<div class=\"elementor-widget-wrap\">\n\t\t\t\t\t\t\t<\/div>\n\t\t<\/div>\n\t\t\t\t\t<\/div>\n\t\t<\/section>\n\t\t\t\t<\/div>","protected":false},"excerpt":{"rendered":"<p>BARTLEBY DER SCHREIBER nach Herman Melville \u00a0 Previous Next BARTLEBY DER SCHREIBER nach Herman Melville Als Schreiber in einer New Yorker Kanzlei ist Bartleby eigentlich der ideale Angestellte, hingebungsvoll flei\u00dfig, rechtschaffen und still. Doch leise und sanftm\u00fctig spricht er auch, immer wieder, den einen Satz, der seinen Vorgesetzten in die Verzweiflung treibt. \u201eIch m\u00f6chte lieber [&hellip;]<\/p>\n","protected":false},"author":1,"featured_media":0,"parent":0,"menu_order":0,"comment_status":"closed","ping_status":"closed","template":"elementor_header_footer","meta":{"footnotes":""},"class_list":["post-1362","page","type-page","status-publish","hentry"],"_links":{"self":[{"href":"https:\/\/tonundkirschen.de\/fr\/wp-json\/wp\/v2\/pages\/1362","targetHints":{"allow":["GET"]}}],"collection":[{"href":"https:\/\/tonundkirschen.de\/fr\/wp-json\/wp\/v2\/pages"}],"about":[{"href":"https:\/\/tonundkirschen.de\/fr\/wp-json\/wp\/v2\/types\/page"}],"author":[{"embeddable":true,"href":"https:\/\/tonundkirschen.de\/fr\/wp-json\/wp\/v2\/users\/1"}],"replies":[{"embeddable":true,"href":"https:\/\/tonundkirschen.de\/fr\/wp-json\/wp\/v2\/comments?post=1362"}],"version-history":[{"count":38,"href":"https:\/\/tonundkirschen.de\/fr\/wp-json\/wp\/v2\/pages\/1362\/revisions"}],"predecessor-version":[{"id":5895,"href":"https:\/\/tonundkirschen.de\/fr\/wp-json\/wp\/v2\/pages\/1362\/revisions\/5895"}],"wp:attachment":[{"href":"https:\/\/tonundkirschen.de\/fr\/wp-json\/wp\/v2\/media?parent=1362"}],"curies":[{"name":"wp","href":"https:\/\/api.w.org\/{rel}","templated":true}]}}