{"id":6490,"date":"2026-03-16T17:45:37","date_gmt":"2026-03-16T16:45:37","guid":{"rendered":"https:\/\/tonundkirschen.de\/?page_id=6490"},"modified":"2026-04-27T14:33:53","modified_gmt":"2026-04-27T12:33:53","slug":"pulcinella","status":"publish","type":"page","link":"https:\/\/tonundkirschen.de\/en\/pulcinella\/","title":{"rendered":"PULCINELLA!"},"content":{"rendered":"<div data-elementor-type=\"wp-page\" data-elementor-id=\"6490\" class=\"elementor elementor-6490\">\n\t\t\t\t\t\t<section class=\"elementor-section elementor-top-section elementor-element elementor-element-ab38e3f elementor-section-boxed elementor-section-height-default elementor-section-height-default\" data-id=\"ab38e3f\" data-element_type=\"section\" data-e-type=\"section\">\n\t\t\t\t\t\t<div class=\"elementor-container elementor-column-gap-default\">\n\t\t\t\t\t<div class=\"aux-parallax-section elementor-column elementor-col-100 elementor-top-column elementor-element elementor-element-58eff69\" data-id=\"58eff69\" data-element_type=\"column\" data-e-type=\"column\">\n\t\t\t<div class=\"elementor-widget-wrap elementor-element-populated\">\n\t\t\t\t\t\t<div class=\"elementor-element elementor-element-022586b elementor-widget elementor-widget-spacer\" data-id=\"022586b\" data-element_type=\"widget\" data-e-type=\"widget\" data-widget_type=\"spacer.default\">\n\t\t\t\t<div class=\"elementor-widget-container\">\n\t\t\t\t\t\t\t<div class=\"elementor-spacer\">\n\t\t\t<div class=\"elementor-spacer-inner\"><\/div>\n\t\t<\/div>\n\t\t\t\t\t\t<\/div>\n\t\t\t\t<\/div>\n\t\t\t\t<div class=\"elementor-element elementor-element-fdabfb5 elementor-widget elementor-widget-text-editor\" data-id=\"fdabfb5\" data-element_type=\"widget\" data-e-type=\"widget\" data-widget_type=\"text-editor.default\">\n\t\t\t\t<div class=\"elementor-widget-container\">\n\t\t\t\t\t\t\t\t\t<h5>PULCINELLA!<\/h5>\t\t\t\t\t\t\t\t<\/div>\n\t\t\t\t<\/div>\n\t\t\t\t<div class=\"elementor-element elementor-element-a69a1e2 elementor-widget__width-inherit elementor-arrows-position-inside elementor-pagination-position-outside elementor-widget elementor-widget-image-carousel\" data-id=\"a69a1e2\" data-element_type=\"widget\" data-e-type=\"widget\" data-settings=\"{&quot;slides_to_show&quot;:&quot;1&quot;,&quot;navigation&quot;:&quot;both&quot;,&quot;autoplay&quot;:&quot;yes&quot;,&quot;pause_on_hover&quot;:&quot;yes&quot;,&quot;pause_on_interaction&quot;:&quot;yes&quot;,&quot;autoplay_speed&quot;:5000,&quot;infinite&quot;:&quot;yes&quot;,&quot;effect&quot;:&quot;slide&quot;,&quot;speed&quot;:500}\" data-widget_type=\"image-carousel.default\">\n\t\t\t\t<div class=\"elementor-widget-container\">\n\t\t\t\t\t\t\t<div class=\"elementor-image-carousel-wrapper swiper\" role=\"region\" aria-roledescription=\"carousel\" aria-label=\"Image Carousel\" dir=\"ltr\">\n\t\t\t<div class=\"elementor-image-carousel swiper-wrapper swiper-image-stretch\" aria-live=\"off\">\n\t\t\t\t\t\t\t\t<div class=\"swiper-slide\" role=\"group\" aria-roledescription=\"slide\" aria-label=\"1 von 1\"><figure class=\"swiper-slide-inner\"><img decoding=\"async\" class=\"swiper-slide-image\" src=\"https:\/\/tonundkirschen.de\/wp-content\/uploads\/2026\/04\/Pulcinella_TUK_Jean-Pierre_Estournet03-scaled.jpg\" alt=\"Pulcinella_TUK_Jean-Pierre_Estournet03\" \/><\/figure><\/div>\t\t\t<\/div>\n\t\t\t\t\t<\/div>\n\t\t\t\t\t\t<\/div>\n\t\t\t\t<\/div>\n\t\t\t\t\t<\/div>\n\t\t<\/div>\n\t\t\t\t\t<\/div>\n\t\t<\/section>\n\t\t\t\t<section class=\"elementor-section elementor-top-section elementor-element elementor-element-dab8cbe elementor-section-boxed elementor-section-height-default elementor-section-height-default\" data-id=\"dab8cbe\" data-element_type=\"section\" data-e-type=\"section\">\n\t\t\t\t\t\t<div class=\"elementor-container elementor-column-gap-default\">\n\t\t\t\t\t<div class=\"aux-parallax-section elementor-column elementor-col-100 elementor-top-column elementor-element elementor-element-62fb7aa\" data-id=\"62fb7aa\" data-element_type=\"column\" data-e-type=\"column\">\n\t\t\t<div class=\"elementor-widget-wrap elementor-element-populated\">\n\t\t\t\t\t\t<section class=\"elementor-section elementor-inner-section elementor-element elementor-element-9c3c4c4 elementor-section-boxed elementor-section-height-default elementor-section-height-default\" data-id=\"9c3c4c4\" data-element_type=\"section\" data-e-type=\"section\">\n\t\t\t\t\t\t<div class=\"elementor-container elementor-column-gap-default\">\n\t\t\t\t\t<div class=\"aux-parallax-section elementor-column elementor-col-50 elementor-inner-column elementor-element elementor-element-302ee73\" data-id=\"302ee73\" data-element_type=\"column\" data-e-type=\"column\">\n\t\t\t<div class=\"elementor-widget-wrap elementor-element-populated\">\n\t\t\t\t\t\t<div class=\"elementor-element elementor-element-066cfa3 elementor-widget elementor-widget-text-editor\" data-id=\"066cfa3\" data-element_type=\"widget\" data-e-type=\"widget\" data-widget_type=\"text-editor.default\">\n\t\t\t\t<div class=\"elementor-widget-container\">\n\t\t\t\t\t\t\t\t\t<p>PULCINELLA!<\/p><div><p class=\"docx_normal\"><span lang=\"null\">Pulcinella ist ein Mythos aus vielen Jahrhunderten Kontinuit\u00e4t in der Betrachtung der Welt. Als widerspr\u00fcchlicher Ausdruck und in st\u00e4ndiger Auseinandersetzung aller Gegens\u00e4tze, in ihren Schwarz-Wei\u00df-Kontrasten, zaubert er Leben.<\/span><\/p><p class=\"docx_normal\"><span lang=\"null\">Wer ist Pulcinella?<\/span><\/p><p class=\"docx_normal\"><span lang=\"null\">Ist er ein Mensch, ein D\u00e4mon oder ein Gott?<\/span><\/p><p class=\"docx_normal\"><span lang=\"null\">Was ist verborgen <\/span><span lang=\"de-DE\">hinter<\/span><span lang=\"null\"> seiner Maske, die er nie abnimmt?\u00a0<\/span><\/p><p class=\"docx_normal\"><span lang=\"null\">Lacht er \u00fcber die Welt oder weint er?<\/span><\/p><p class=\"docx_normal\"><span lang=\"null\">Seine Maske h\u00e4lt beides so eng beieinander, das<\/span><span lang=\"de-DE\">s<\/span><span lang=\"null\"> man es nicht mehr unterscheiden kann<\/span><span lang=\"null\">.<\/span><\/p><\/div>\t\t\t\t\t\t\t\t<\/div>\n\t\t\t\t<\/div>\n\t\t\t\t\t<\/div>\n\t\t<\/div>\n\t\t\t\t<div class=\"aux-parallax-section elementor-column elementor-col-50 elementor-inner-column elementor-element elementor-element-ad54007\" data-id=\"ad54007\" data-element_type=\"column\" data-e-type=\"column\">\n\t\t\t<div class=\"elementor-widget-wrap elementor-element-populated\">\n\t\t\t\t\t\t<div class=\"elementor-element elementor-element-52605fd elementor-widget elementor-widget-text-editor\" data-id=\"52605fd\" data-element_type=\"widget\" data-e-type=\"widget\" data-widget_type=\"text-editor.default\">\n\t\t\t\t<div class=\"elementor-widget-container\">\n\t\t\t\t\t\t\t\t\t<p>INSZENIERUNG Margarete Biereye &amp; David Johnston<\/p><p>IN ZUSAMMENARBEIT MIT Julie Biereye, Margarete Biereye, David Garlick, David Johnston, Nelson Leon, Zina M\u00e9ziat, Daisy Wattkiss, Louis Le Gall-Zatko, Enzo Bishop.<\/p><p>MUSIK &amp; KOMPOSITION\u00a0Stephen Johnston<\/p>\t\t\t\t\t\t\t\t<\/div>\n\t\t\t\t<\/div>\n\t\t\t\t\t<\/div>\n\t\t<\/div>\n\t\t\t\t\t<\/div>\n\t\t<\/section>\n\t\t\t\t\t<\/div>\n\t\t<\/div>\n\t\t\t\t\t<\/div>\n\t\t<\/section>\n\t\t\t\t<section class=\"elementor-section elementor-top-section elementor-element elementor-element-79ecce1 elementor-section-boxed elementor-section-height-default elementor-section-height-default\" data-id=\"79ecce1\" data-element_type=\"section\" data-e-type=\"section\">\n\t\t\t\t\t\t<div class=\"elementor-container elementor-column-gap-default\">\n\t\t\t\t\t<div class=\"aux-parallax-section elementor-column elementor-col-100 elementor-top-column elementor-element elementor-element-a7c06f3\" data-id=\"a7c06f3\" data-element_type=\"column\" data-e-type=\"column\">\n\t\t\t<div class=\"elementor-widget-wrap\">\n\t\t\t\t\t\t\t<\/div>\n\t\t<\/div>\n\t\t\t\t\t<\/div>\n\t\t<\/section>\n\t\t\t\t<\/div>","protected":false},"excerpt":{"rendered":"<p>PULCINELLA! PULCINELLA! Pulcinella ist ein Mythos aus vielen Jahrhunderten Kontinuit\u00e4t in der Betrachtung der Welt. Als widerspr\u00fcchlicher Ausdruck und in st\u00e4ndiger Auseinandersetzung aller Gegens\u00e4tze, in ihren Schwarz-Wei\u00df-Kontrasten, zaubert er Leben. Wer ist Pulcinella? Ist er ein Mensch, ein D\u00e4mon oder ein Gott? Was ist verborgen hinter seiner Maske, die er nie abnimmt?\u00a0 Lacht er \u00fcber [&hellip;]<\/p>\n","protected":false},"author":1,"featured_media":0,"parent":0,"menu_order":0,"comment_status":"closed","ping_status":"closed","template":"elementor_header_footer","meta":{"footnotes":""},"class_list":["post-6490","page","type-page","status-publish","hentry"],"_links":{"self":[{"href":"https:\/\/tonundkirschen.de\/en\/wp-json\/wp\/v2\/pages\/6490","targetHints":{"allow":["GET"]}}],"collection":[{"href":"https:\/\/tonundkirschen.de\/en\/wp-json\/wp\/v2\/pages"}],"about":[{"href":"https:\/\/tonundkirschen.de\/en\/wp-json\/wp\/v2\/types\/page"}],"author":[{"embeddable":true,"href":"https:\/\/tonundkirschen.de\/en\/wp-json\/wp\/v2\/users\/1"}],"replies":[{"embeddable":true,"href":"https:\/\/tonundkirschen.de\/en\/wp-json\/wp\/v2\/comments?post=6490"}],"version-history":[{"count":14,"href":"https:\/\/tonundkirschen.de\/en\/wp-json\/wp\/v2\/pages\/6490\/revisions"}],"predecessor-version":[{"id":6605,"href":"https:\/\/tonundkirschen.de\/en\/wp-json\/wp\/v2\/pages\/6490\/revisions\/6605"}],"wp:attachment":[{"href":"https:\/\/tonundkirschen.de\/en\/wp-json\/wp\/v2\/media?parent=6490"}],"curies":[{"name":"wp","href":"https:\/\/api.w.org\/{rel}","templated":true}]}}